{"id":2458,"date":"2021-04-09T12:27:50","date_gmt":"2021-04-09T10:27:50","guid":{"rendered":"https:\/\/mederelab.pl\/en\/?post_type=product&#038;p=2458"},"modified":"2021-04-09T12:32:07","modified_gmt":"2021-04-09T10:32:07","slug":"long","status":"publish","type":"product","link":"https:\/\/mederelab.pl\/en\/produkt\/long\/","title":{"rendered":"ANTI-AGING Formula LONG"},"content":{"rendered":"<p><strong>Anti-Aging LONG<\/strong> \u2013 to unikalna formu\u0142a przyczyniaj\u0105ca si\u0119 do \u0142agodzenia proces\u00f3w starzenia, charakteryzuje si\u0119 szerokim, wielokierunkowym oddzia\u0142ywaniem prozdrowotnym na organizm cz\u0142owieka, wzmacnia jego system immunologiczny, to wyj\u0105tkowy zbi\u00f3r niezwyk\u0142ych substancji naturalnych: zi\u00f3\u0142, ro\u015blin, grzyb\u00f3w, zwi\u0105zk\u00f3w organicznych \u00a0poprawiaj\u0105cych og\u00f3ln\u0105 witalno\u015b\u0107 organizmu, \u00a0ograniczaj\u0105c przy tym \u00a0objawy zm\u0119czenia, wspiera \u00a0energetycznie i poprawia samopoczucie.<\/p>\n<p>&nbsp;<\/p>\n<p>W sk\u0142ad formu\u0142y wchodzi 9 \u00a0optymalnie dobranych i wyselekcjonowanych wyj\u0105tkowych sk\u0142adnik\u00f3w naturalnych w\u015br\u00f3d, kt\u00f3rych wyr\u00f3\u017cni\u0107 nale\u017cy <a href=\"http:\/\/m.in\/\">m.in<\/a>. <strong>Targanka B\u0142oniastego<\/strong> (Astragalus Membranaceus) jedno z najwa\u017cniejszych zi\u00f3\u0142 w tradycyjnej medycyny chi\u0144skiej, zio\u0142o to \u00a0uznane jest przez Europejski Urz\u0105d ds. Bezpiecze\u0144stwa \u017bywno\u015bci jako substancja o potwierdzonym dzia\u0142aniu spowalniaj\u0105cym procesy starzenia, oraz \u00a0<strong>Resveratrol <\/strong>\u00a0w przypadku kt\u00f3rego, naukowcy z Uniwersytetu Harvarda dowiedli, \u017ce zwi\u0105zek ten charakteryzuje si\u0119 dzia\u0142anie aktywuj\u0105cym geny d\u0142ugowieczno\u015bci. Innym ikonicznym sk\u0142adnikiem naszej formu\u0142y jest grzyb <strong>Reishi<\/strong> ( Ganoderma lucidum), kt\u00f3ry z powodzeniem od ponad 4 tysi\u0119cy lat jest stosowany w chi\u0144skiej i japo\u0144skiej medycynie naturalnej jako surowiec wyd\u0142u\u017caj\u0105cy d\u0142ugo\u015b\u0107 \u017cycia i \u0142agodz\u0105cy objawy proces\u00f3w starzenia, potocznie cz\u0119sto nazywany \u201ero\u015blin\u0105 nie\u015bmiertelno\u015bci\u201d.<\/p>\n<p>&nbsp;<\/p>\n<p>Produkt <strong>Anti Aging LONG<\/strong> to wygodny i prosty w u\u017cyciu 30 dniowy program suplementacji, kt\u00f3ry zosta\u0142 przygotowany w spos\u00f3b kompleksowy.<\/p>\n<p>&nbsp;<\/p>\n<p>Zach\u0119camy do zapoznania si\u0119 z nasz\u0105 broszur\u0105 informacyjn\u0105 w kt\u00f3rej znajduj\u0105 si\u0119 szczeg\u00f3\u0142owe opisy w\u0142a\u015bciwo\u015bci poszczeg\u00f3lnych sk\u0142adnik\u00f3w zastosowanych w naszym produkcie.<\/p>\n<p>&nbsp;<\/p>\n<p>Specjali\u015bci Medere wykorzystuj\u0105c swoj\u0105 wiedz\u0119, 30 letnie do\u015bwiadczenie produkcyjne oraz najbardziej aktualne mi\u0119dzynarodowe wyniki bada\u0144 naukowych w trakcie opracowywania formu\u0142 zastosowali w nich obecnie<\/p>\n<p>&nbsp;<\/p>\n<p>najwa\u017cniejsze surowce i substancje zwi\u0105zane z zagadnieniem spowalniania i \u0142agodzenia proces\u00f3w starzenia.<\/p>\n<p>&nbsp;<\/p>\n<p>W efekcie po raz pierwszy powsta\u0142a \u00a0tak niepowtarzalna formu\u0142a o bardzo bogatym sk\u0142adzie.<\/p>\n<p>&nbsp;<\/p>\n<p>W procesie tworzenia naszych produkt\u00f3w szczeg\u00f3ln\u0105 wag\u0119 przyk\u0142adamy do jako\u015bci, dlatego wszystkie zastosowane przez nas surowce w procesie wytwarzania s\u0105 certyfikowane i charakteryzuj\u0105 si\u0119 najwy\u017csz\u0105 jako\u015bci\u0105.<\/p>\n<p>&nbsp;<\/p>\n<p>Poszczeg\u00f3lne produkty pakowane s\u0105 w wysokiej jako\u015bci szklane opakowania farmaceutyczne.<\/p>\n<p>&nbsp;<\/p>\n<p>Produkcja jest oparta o najwy\u017csze standardy jako\u015bci i bezpiecze\u0144stwa, a proces produkcyjny posiada certyfikacj\u0119 na System Zarz\u0105dzania Jako\u015bci\u0105 ISO 9001:2009, ISO 22000:2006 oraz System Bezpiecze\u0144stwa Zdrowotnego \u017bywno\u015bci HACCP.<\/p>\n<p>&nbsp;<\/p>\n<p><strong>Anti Aging Long<\/strong> &#8211; 30 dniowy program suplementacji, produkt zawiera 90 kapsu\u0142ek.<\/p>\n<p><strong>Anti Aging Long<\/strong> \u00a0\u2013 to efekt pasji i 30-tu lat do\u015bwiadcze\u0144.<\/p>\n<p>&nbsp;<\/p>\n<p><strong>Unikalne cechy produkt\u00f3w MEDERE:<\/strong><\/p>\n<p style=\"text-align: justify;\"><img loading=\"lazy\" decoding=\"async\" class=\"alignnone wp-image-635 size-full\" src=\"http:\/\/mederelab.pl\/wp-content\/uploads\/2017\/12\/gluten.png\" alt=\"\" width=\"112\" height=\"112\" \/> \u00a0\u00a0 <img loading=\"lazy\" decoding=\"async\" class=\"alignnone wp-image-630 size-full\" src=\"http:\/\/mederelab.pl\/wp-content\/uploads\/2018\/03\/gmofree.png\" alt=\"\" width=\"112\" height=\"112\" \/>\u00a0\u00a0<strong><img loading=\"lazy\" decoding=\"async\" class=\"alignnone wp-image-628 size-full\" src=\"http:\/\/mederelab.pl\/wp-content\/uploads\/2018\/03\/labtesteted.png\" alt=\"\" width=\"112\" height=\"112\" \/>\u00a0\u00a0<img loading=\"lazy\" decoding=\"async\" class=\"alignnone wp-image-632 size-full\" src=\"http:\/\/mederelab.pl\/wp-content\/uploads\/2017\/12\/certified.png\" alt=\"\" width=\"112\" height=\"112\" \/>\u00a0\u00a0<img loading=\"lazy\" decoding=\"async\" class=\"alignnone wp-image-633 size-full\" src=\"http:\/\/mederelab.pl\/wp-content\/uploads\/2017\/12\/glass.png\" alt=\"\" width=\"112\" height=\"112\" \/>\u00a0\u00a0<img loading=\"lazy\" decoding=\"async\" class=\"alignnone wp-image-636 size-full\" src=\"http:\/\/mederelab.pl\/wp-content\/uploads\/2017\/12\/30experience.png\" alt=\"\" width=\"112\" height=\"112\" \/><\/strong><\/p>\n<p><strong>Wyprodukowano wg standard\u00f3w:<\/strong><\/p>\n<p><img loading=\"lazy\" decoding=\"async\" class=\"alignnone wp-image-626 size-full\" src=\"http:\/\/mederelab.pl\/wp-content\/uploads\/2018\/03\/iso.png\" alt=\"\" width=\"112\" height=\"112\" \/>\u00a0\u00a0<img loading=\"lazy\" decoding=\"async\" class=\"alignnone wp-image-631 size-full\" src=\"http:\/\/mederelab.pl\/wp-content\/uploads\/2018\/03\/haccp.png\" alt=\"\" width=\"112\" height=\"112\" \/><\/p>\n","protected":false},"excerpt":{"rendered":"<h3>ANTI &#8211; AGING<\/h3>\n<h4>\u00a0 \u00a0\u00a0 FORMULA<\/h4>\n<p><strong>\u00a0 \u00a0 \u00a0 \u00a0 \u00a0 \u00a0 \u00a0 LONG\u00a0<\/strong><\/p>\n<p><strong>\u0141agodzenie proces\u00f3w starzenia<\/strong><\/p>\n<p>&nbsp;<\/p>\n<table class=\"table\">\n<tbody>\n<tr>\n<td>Zawarto\u015b\u0107<br \/>\nopakowania:<\/td>\n<td>90 kapsu\u0142ek<\/td>\n<\/tr>\n<tr>\n<td>Dost\u0119pno\u015b\u0107:<\/td>\n<td>Produkt dost\u0119pny<\/td>\n<\/tr>\n<tr>\n<td>Dostawa:<\/td>\n<td>Gratis na terenie Polski<\/td>\n<\/tr>\n<tr>\n<td>Wysy\u0142ka:<\/td>\n<td>48H<\/td>\n<\/tr>\n<\/tbody>\n<\/table>\n<p><img loading=\"lazy\" decoding=\"async\" class=\"alignnone wp-image-714 size-full\" src=\"http:\/\/mederelab.pl\/wp-content\/uploads\/2018\/02\/ikony.png\" alt=\"\" width=\"670\" height=\"112\" srcset=\"https:\/\/mederelab.pl\/en\/wp-content\/uploads\/sites\/3\/2018\/02\/ikony.png 670w, https:\/\/mederelab.pl\/en\/wp-content\/uploads\/sites\/3\/2018\/02\/ikony-300x50.png 300w, https:\/\/mederelab.pl\/en\/wp-content\/uploads\/sites\/3\/2018\/02\/ikony-355x59.png 355w, https:\/\/mederelab.pl\/en\/wp-content\/uploads\/sites\/3\/2018\/02\/ikony-600x100.png 600w\" sizes=\"auto, (max-width: 670px) 100vw, 670px\" \/><\/p>\n<p>&nbsp;<\/p>\n","protected":false},"featured_media":1288,"template":"","meta":{"_acf_changed":false},"product_cat":[22],"product_tag":[],"class_list":["post-2458","product","type-product","status-publish","has-post-thumbnail","hentry","product_cat-sklep"],"acf":[],"yoast_head":"<!-- This site is optimized with the Yoast SEO plugin v27.4 - https:\/\/yoast.com\/product\/yoast-seo-wordpress\/ -->\n<title>ANTI-AGING Formula LONG | Medere<\/title>\n<meta name=\"description\" content=\"Anti-Aging Forumula LONG to wygodny i prosty w u\u017cyciu 30 dniowy program suplementacji przeznaczony do \u0142agodzenia proces\u00f3w starzenia.\" \/>\n<meta name=\"robots\" content=\"index, follow, max-snippet:-1, max-image-preview:large, max-video-preview:-1\" \/>\n<link rel=\"canonical\" href=\"https:\/\/mederelab.pl\/en\/produkt\/long\/\" \/>\n<meta property=\"og:locale\" content=\"en_US\" \/>\n<meta property=\"og:type\" content=\"article\" \/>\n<meta property=\"og:title\" content=\"ANTI-AGING Formula LONG | Medere\" \/>\n<meta property=\"og:description\" content=\"Anti-Aging Forumula LONG to wygodny i prosty w u\u017cyciu 30 dniowy program suplementacji przeznaczony do \u0142agodzenia proces\u00f3w starzenia.\" \/>\n<meta property=\"og:url\" content=\"https:\/\/mederelab.pl\/en\/produkt\/long\/\" \/>\n<meta property=\"og:site_name\" content=\"Mederelab en\" \/>\n<meta property=\"article:publisher\" content=\"https:\/\/www.facebook.com\/mederelab\/\" \/>\n<meta property=\"article:modified_time\" content=\"2021-04-09T10:32:07+00:00\" \/>\n<meta property=\"og:image\" content=\"https:\/\/mederelab.pl\/en\/wp-content\/uploads\/sites\/3\/2018\/11\/LONG_packshot.jpg\" \/>\n\t<meta property=\"og:image:width\" content=\"420\" \/>\n\t<meta property=\"og:image:height\" content=\"768\" \/>\n\t<meta property=\"og:image:type\" content=\"image\/jpeg\" \/>\n<meta name=\"twitter:card\" content=\"summary_large_image\" \/>\n<meta name=\"twitter:label1\" content=\"Est. reading time\" \/>\n\t<meta name=\"twitter:data1\" content=\"2 minutes\" \/>\n<script type=\"application\/ld+json\" class=\"yoast-schema-graph\">{\"@context\":\"https:\\\/\\\/schema.org\",\"@graph\":[{\"@type\":\"WebPage\",\"@id\":\"https:\\\/\\\/mederelab.pl\\\/en\\\/produkt\\\/long\\\/\",\"url\":\"https:\\\/\\\/mederelab.pl\\\/en\\\/produkt\\\/long\\\/\",\"name\":\"ANTI-AGING Formula LONG | Medere\",\"isPartOf\":{\"@id\":\"https:\\\/\\\/mederelab.pl\\\/en\\\/#website\"},\"primaryImageOfPage\":{\"@id\":\"https:\\\/\\\/mederelab.pl\\\/en\\\/produkt\\\/long\\\/#primaryimage\"},\"image\":{\"@id\":\"https:\\\/\\\/mederelab.pl\\\/en\\\/produkt\\\/long\\\/#primaryimage\"},\"thumbnailUrl\":\"https:\\\/\\\/mederelab.pl\\\/en\\\/wp-content\\\/uploads\\\/sites\\\/3\\\/2018\\\/11\\\/LONG_packshot.jpg\",\"datePublished\":\"2021-04-09T10:27:50+00:00\",\"dateModified\":\"2021-04-09T10:32:07+00:00\",\"description\":\"Anti-Aging Forumula LONG to wygodny i prosty w u\u017cyciu 30 dniowy program suplementacji przeznaczony do \u0142agodzenia proces\u00f3w starzenia.\",\"breadcrumb\":{\"@id\":\"https:\\\/\\\/mederelab.pl\\\/en\\\/produkt\\\/long\\\/#breadcrumb\"},\"inLanguage\":\"en-US\",\"potentialAction\":[{\"@type\":\"ReadAction\",\"target\":[\"https:\\\/\\\/mederelab.pl\\\/en\\\/produkt\\\/long\\\/\"]}]},{\"@type\":\"ImageObject\",\"inLanguage\":\"en-US\",\"@id\":\"https:\\\/\\\/mederelab.pl\\\/en\\\/produkt\\\/long\\\/#primaryimage\",\"url\":\"https:\\\/\\\/mederelab.pl\\\/en\\\/wp-content\\\/uploads\\\/sites\\\/3\\\/2018\\\/11\\\/LONG_packshot.jpg\",\"contentUrl\":\"https:\\\/\\\/mederelab.pl\\\/en\\\/wp-content\\\/uploads\\\/sites\\\/3\\\/2018\\\/11\\\/LONG_packshot.jpg\",\"width\":420,\"height\":768,\"caption\":\"LONG_packshot\"},{\"@type\":\"BreadcrumbList\",\"@id\":\"https:\\\/\\\/mederelab.pl\\\/en\\\/produkt\\\/long\\\/#breadcrumb\",\"itemListElement\":[{\"@type\":\"ListItem\",\"position\":1,\"name\":\"Strona g\u0142\u00f3wna\",\"item\":\"https:\\\/\\\/mederelab.pl\\\/en\\\/\"},{\"@type\":\"ListItem\",\"position\":2,\"name\":\"Oferta online\",\"item\":\"https:\\\/\\\/mederelab.pl\\\/en\\\/sklep\\\/\"},{\"@type\":\"ListItem\",\"position\":3,\"name\":\"ANTI-AGING Formula LONG\"}]},{\"@type\":\"WebSite\",\"@id\":\"https:\\\/\\\/mederelab.pl\\\/en\\\/#website\",\"url\":\"https:\\\/\\\/mederelab.pl\\\/en\\\/\",\"name\":\"Medere Laboratories\",\"description\":\"\",\"publisher\":{\"@id\":\"https:\\\/\\\/mederelab.pl\\\/en\\\/#organization\"},\"potentialAction\":[{\"@type\":\"SearchAction\",\"target\":{\"@type\":\"EntryPoint\",\"urlTemplate\":\"https:\\\/\\\/mederelab.pl\\\/en\\\/?s={search_term_string}\"},\"query-input\":{\"@type\":\"PropertyValueSpecification\",\"valueRequired\":true,\"valueName\":\"search_term_string\"}}],\"inLanguage\":\"en-US\"},{\"@type\":\"Organization\",\"@id\":\"https:\\\/\\\/mederelab.pl\\\/en\\\/#organization\",\"name\":\"MEDERE LABORATOIRES Sp. z o.o.\",\"url\":\"https:\\\/\\\/mederelab.pl\\\/en\\\/\",\"logo\":{\"@type\":\"ImageObject\",\"inLanguage\":\"en-US\",\"@id\":\"https:\\\/\\\/mederelab.pl\\\/en\\\/#\\\/schema\\\/logo\\\/image\\\/\",\"url\":\"https:\\\/\\\/mederelab.pl\\\/en\\\/wp-content\\\/uploads\\\/sites\\\/3\\\/2018\\\/03\\\/logo_medere-min.png\",\"contentUrl\":\"https:\\\/\\\/mederelab.pl\\\/en\\\/wp-content\\\/uploads\\\/sites\\\/3\\\/2018\\\/03\\\/logo_medere-min.png\",\"width\":232,\"height\":66,\"caption\":\"MEDERE LABORATOIRES Sp. z o.o.\"},\"image\":{\"@id\":\"https:\\\/\\\/mederelab.pl\\\/en\\\/#\\\/schema\\\/logo\\\/image\\\/\"},\"sameAs\":[\"https:\\\/\\\/www.facebook.com\\\/mederelab\\\/\",\"https:\\\/\\\/www.instagram.com\\\/mederelab\\\/\"]}]}<\/script>\n<!-- \/ Yoast SEO plugin. -->","yoast_head_json":{"title":"ANTI-AGING Formula LONG | Medere","description":"Anti-Aging Forumula LONG to wygodny i prosty w u\u017cyciu 30 dniowy program suplementacji przeznaczony do \u0142agodzenia proces\u00f3w starzenia.","robots":{"index":"index","follow":"follow","max-snippet":"max-snippet:-1","max-image-preview":"max-image-preview:large","max-video-preview":"max-video-preview:-1"},"canonical":"https:\/\/mederelab.pl\/en\/produkt\/long\/","og_locale":"en_US","og_type":"article","og_title":"ANTI-AGING Formula LONG | Medere","og_description":"Anti-Aging Forumula LONG to wygodny i prosty w u\u017cyciu 30 dniowy program suplementacji przeznaczony do \u0142agodzenia proces\u00f3w starzenia.","og_url":"https:\/\/mederelab.pl\/en\/produkt\/long\/","og_site_name":"Mederelab en","article_publisher":"https:\/\/www.facebook.com\/mederelab\/","article_modified_time":"2021-04-09T10:32:07+00:00","og_image":[{"width":420,"height":768,"url":"https:\/\/mederelab.pl\/en\/wp-content\/uploads\/sites\/3\/2018\/11\/LONG_packshot.jpg","type":"image\/jpeg"}],"twitter_card":"summary_large_image","twitter_misc":{"Est. reading time":"2 minutes"},"schema":{"@context":"https:\/\/schema.org","@graph":[{"@type":"WebPage","@id":"https:\/\/mederelab.pl\/en\/produkt\/long\/","url":"https:\/\/mederelab.pl\/en\/produkt\/long\/","name":"ANTI-AGING Formula LONG | Medere","isPartOf":{"@id":"https:\/\/mederelab.pl\/en\/#website"},"primaryImageOfPage":{"@id":"https:\/\/mederelab.pl\/en\/produkt\/long\/#primaryimage"},"image":{"@id":"https:\/\/mederelab.pl\/en\/produkt\/long\/#primaryimage"},"thumbnailUrl":"https:\/\/mederelab.pl\/en\/wp-content\/uploads\/sites\/3\/2018\/11\/LONG_packshot.jpg","datePublished":"2021-04-09T10:27:50+00:00","dateModified":"2021-04-09T10:32:07+00:00","description":"Anti-Aging Forumula LONG to wygodny i prosty w u\u017cyciu 30 dniowy program suplementacji przeznaczony do \u0142agodzenia proces\u00f3w starzenia.","breadcrumb":{"@id":"https:\/\/mederelab.pl\/en\/produkt\/long\/#breadcrumb"},"inLanguage":"en-US","potentialAction":[{"@type":"ReadAction","target":["https:\/\/mederelab.pl\/en\/produkt\/long\/"]}]},{"@type":"ImageObject","inLanguage":"en-US","@id":"https:\/\/mederelab.pl\/en\/produkt\/long\/#primaryimage","url":"https:\/\/mederelab.pl\/en\/wp-content\/uploads\/sites\/3\/2018\/11\/LONG_packshot.jpg","contentUrl":"https:\/\/mederelab.pl\/en\/wp-content\/uploads\/sites\/3\/2018\/11\/LONG_packshot.jpg","width":420,"height":768,"caption":"LONG_packshot"},{"@type":"BreadcrumbList","@id":"https:\/\/mederelab.pl\/en\/produkt\/long\/#breadcrumb","itemListElement":[{"@type":"ListItem","position":1,"name":"Strona g\u0142\u00f3wna","item":"https:\/\/mederelab.pl\/en\/"},{"@type":"ListItem","position":2,"name":"Oferta online","item":"https:\/\/mederelab.pl\/en\/sklep\/"},{"@type":"ListItem","position":3,"name":"ANTI-AGING Formula LONG"}]},{"@type":"WebSite","@id":"https:\/\/mederelab.pl\/en\/#website","url":"https:\/\/mederelab.pl\/en\/","name":"Medere Laboratories","description":"","publisher":{"@id":"https:\/\/mederelab.pl\/en\/#organization"},"potentialAction":[{"@type":"SearchAction","target":{"@type":"EntryPoint","urlTemplate":"https:\/\/mederelab.pl\/en\/?s={search_term_string}"},"query-input":{"@type":"PropertyValueSpecification","valueRequired":true,"valueName":"search_term_string"}}],"inLanguage":"en-US"},{"@type":"Organization","@id":"https:\/\/mederelab.pl\/en\/#organization","name":"MEDERE LABORATOIRES Sp. z o.o.","url":"https:\/\/mederelab.pl\/en\/","logo":{"@type":"ImageObject","inLanguage":"en-US","@id":"https:\/\/mederelab.pl\/en\/#\/schema\/logo\/image\/","url":"https:\/\/mederelab.pl\/en\/wp-content\/uploads\/sites\/3\/2018\/03\/logo_medere-min.png","contentUrl":"https:\/\/mederelab.pl\/en\/wp-content\/uploads\/sites\/3\/2018\/03\/logo_medere-min.png","width":232,"height":66,"caption":"MEDERE LABORATOIRES Sp. z o.o."},"image":{"@id":"https:\/\/mederelab.pl\/en\/#\/schema\/logo\/image\/"},"sameAs":["https:\/\/www.facebook.com\/mederelab\/","https:\/\/www.instagram.com\/mederelab\/"]}]}},"_links":{"self":[{"href":"https:\/\/mederelab.pl\/en\/wp-json\/wp\/v2\/product\/2458","targetHints":{"allow":["GET"]}}],"collection":[{"href":"https:\/\/mederelab.pl\/en\/wp-json\/wp\/v2\/product"}],"about":[{"href":"https:\/\/mederelab.pl\/en\/wp-json\/wp\/v2\/types\/product"}],"wp:featuredmedia":[{"embeddable":true,"href":"https:\/\/mederelab.pl\/en\/wp-json\/wp\/v2\/media\/1288"}],"wp:attachment":[{"href":"https:\/\/mederelab.pl\/en\/wp-json\/wp\/v2\/media?parent=2458"}],"wp:term":[{"taxonomy":"product_cat","embeddable":true,"href":"https:\/\/mederelab.pl\/en\/wp-json\/wp\/v2\/product_cat?post=2458"},{"taxonomy":"product_tag","embeddable":true,"href":"https:\/\/mederelab.pl\/en\/wp-json\/wp\/v2\/product_tag?post=2458"}],"curies":[{"name":"wp","href":"https:\/\/api.w.org\/{rel}","templated":true}]}}